{"id":1836,"date":"2021-05-19T15:29:38","date_gmt":"2021-05-19T15:29:38","guid":{"rendered":"https:\/\/gracey.qodeinteractive.com\/?post_type=product&#038;p=1836"},"modified":"2024-07-09T11:22:52","modified_gmt":"2024-07-09T16:22:52","slug":"where-am-i","status":"publish","type":"product","link":"https:\/\/ydosmas.com\/index.php\/producto\/where-am-i\/","title":{"rendered":"FURA Packaging"},"content":{"rendered":"<div class=\"flex flex-grow flex-col max-w-full\">\n<div class=\"min-h-[20px] text-message flex flex-col items-start gap-3 whitespace-pre-wrap break-words [.text-message+&amp;]:mt-5 overflow-x-auto\" data-message-author-role=\"assistant\" data-message-id=\"9411a43e-a53d-434f-b3cc-c3ab9bacef14\">\n<div class=\"markdown prose w-full break-words dark:prose-invert light\">\n<div class=\"flex flex-grow flex-col max-w-full\">\n<div class=\"min-h-[20px] text-message flex flex-col items-start gap-3 whitespace-pre-wrap break-words [.text-message+&amp;]:mt-5 overflow-x-auto\" data-message-author-role=\"assistant\" data-message-id=\"0a68ae13-3384-4b16-9fd8-d59fbc5d3d33\">\n<div class=\"markdown prose w-full break-words dark:prose-invert dark\">\n<p>Presentamos FURA Packaging, un dise\u00f1o de empaque revolucionario que redefine el arte de regalar. Confeccionado en una cautivadora forma de diamante, FURA es m\u00e1s que un simple contenedor; es una expresi\u00f3n de consideraci\u00f3n y sofisticaci\u00f3n. Con FURA, tienes el poder de crear momentos inolvidables sin esfuerzo alguno.<\/p>\n<p>Nuestro enfoque innovador te permite descargar c\u00f3modamente la plantilla de corte, d\u00e1ndote el poder de crear tu propia obra maestra FURA desde la comodidad de tu hogar. \u00a1Simplemente imprime, ensambla y listo! Tendr\u00e1s una impresionante soluci\u00f3n de empaque que emana elegancia y encanto.<\/p>\n<p>FURA Packaging no se trata solo de envolver un regalo; se trata de brindar una experiencia. Imagina la alegr\u00eda en el rostro de tus seres queridos al recibir un regalo bellamente empaquetado, un testimonio de tu creatividad y cuidado. Ya sea un gesto sincero o una ocasi\u00f3n especial, FURA agrega una capa adicional de magia a cada momento.<\/p>\n<p>Eleva tu habilidad de regalar con FURA, donde la originalidad se encuentra con la belleza, y cada empaque cuenta una historia de amor y aprecio.<\/p>\n<\/div>\n<\/div>\n<\/div>\n<\/div>\n<\/div>\n<\/div>\n","protected":false},"excerpt":{"rendered":"<p>Presentamos FURA Packaging, un dise\u00f1o revolucionario que transforma el arte de regalar. Con su cautivadora forma de diamante y una innovadora plantilla descargable, FURA te permite crear envoltorios impresionantes desde la comodidad de tu hogar. Eleva tus regalos con FURA, donde cada empaque cuenta una historia de amor y aprecio.<\/p>\n","protected":false},"featured_media":8938,"comment_status":"open","ping_status":"closed","template":"","meta":[],"product_cat":[133,134],"product_tag":[136,138,135,137],"class_list":{"0":"post-1836","1":"product","2":"type-product","3":"status-publish","4":"has-post-thumbnail","6":"product_cat-packaging","7":"product_cat-download","8":"product_tag-diy","9":"product_tag-fura","10":"product_tag-packaging","11":"product_tag-printable","13":"first","14":"instock","15":"downloadable","16":"virtual","17":"taxable","18":"purchasable","19":"product-type-simple"},"_links":{"self":[{"href":"https:\/\/ydosmas.com\/index.php\/wp-json\/wp\/v2\/product\/1836","targetHints":{"allow":["GET"]}}],"collection":[{"href":"https:\/\/ydosmas.com\/index.php\/wp-json\/wp\/v2\/product"}],"about":[{"href":"https:\/\/ydosmas.com\/index.php\/wp-json\/wp\/v2\/types\/product"}],"replies":[{"embeddable":true,"href":"https:\/\/ydosmas.com\/index.php\/wp-json\/wp\/v2\/comments?post=1836"}],"wp:featuredmedia":[{"embeddable":true,"href":"https:\/\/ydosmas.com\/index.php\/wp-json\/wp\/v2\/media\/8938"}],"wp:attachment":[{"href":"https:\/\/ydosmas.com\/index.php\/wp-json\/wp\/v2\/media?parent=1836"}],"wp:term":[{"taxonomy":"product_cat","embeddable":true,"href":"https:\/\/ydosmas.com\/index.php\/wp-json\/wp\/v2\/product_cat?post=1836"},{"taxonomy":"product_tag","embeddable":true,"href":"https:\/\/ydosmas.com\/index.php\/wp-json\/wp\/v2\/product_tag?post=1836"}],"curies":[{"name":"wp","href":"https:\/\/api.w.org\/{rel}","templated":true}]}}