{"id":1835,"date":"2021-05-19T15:28:19","date_gmt":"2021-05-19T15:28:19","guid":{"rendered":"https:\/\/gracey.qodeinteractive.com\/?post_type=product&#038;p=1835"},"modified":"2024-08-29T01:07:50","modified_gmt":"2024-08-29T06:07:50","slug":"book-cover","status":"publish","type":"product","link":"https:\/\/ydosmas.com\/index.php\/producto\/book-cover\/","title":{"rendered":"PYRAMID Packaging"},"content":{"rendered":"<div class=\"flex flex-grow flex-col max-w-full\">\n<div class=\"min-h-[20px] text-message flex flex-col items-start gap-3 whitespace-pre-wrap break-words [.text-message+&amp;]:mt-5 overflow-x-auto\" data-message-author-role=\"assistant\" data-message-id=\"75518fd7-37dc-4158-a32d-3ded8bcc50f1\">\n<div class=\"markdown prose w-full break-words dark:prose-invert light\">\n<div class=\"flex flex-grow flex-col max-w-full\">\n<div class=\"min-h-[20px] text-message flex flex-col items-start gap-3 whitespace-pre-wrap break-words [.text-message+&amp;]:mt-5 overflow-x-auto\" data-message-author-role=\"assistant\" data-message-id=\"3dd45d59-2e79-4d82-a3ab-d9f8da5104d1\">\n<div class=\"markdown prose w-full break-words dark:prose-invert dark\">\n<p>Presentamos PYRA, un concepto visionario de empaque que eleva el arte de regalar a nuevos niveles. Dise\u00f1ado en una cautivadora forma de pir\u00e1mide, PYRA no es solo un contenedor, es un s\u00edmbolo de innovaci\u00f3n y estilo. Con PYRA, tienes la oportunidad de dejar una impresi\u00f3n duradera y mostrarle a alguien cu\u00e1nto significan para ti.<\/p>\n<p>Nuestro enfoque revolucionario te permite acceder f\u00e1cilmente a la plantilla de corte, lo que te permite crear tu propia obra maestra PYRA desde la comodidad de tu hogar. Con unos simples pasos, puedes imprimir, ensamblar y revelar una soluci\u00f3n de empaque llamativa que encarna la elegancia y la sofisticaci\u00f3n.<\/p>\n<p>PYRA no se trata solo de envolver un regalo; se trata de crear una experiencia inolvidable. Imagina la alegr\u00eda en el rostro de tu destinatario al recibir un regalo meticulosamente empaquetado, un testimonio de tu atenci\u00f3n al detalle y consideraci\u00f3n. Ya sea un recuerdo entra\u00f1able o una celebraci\u00f3n de hitos, PYRA a\u00f1ade un toque de magia a cada ocasi\u00f3n.<\/p>\n<p>Eleva tu experiencia de regalo con PYRA, donde la creatividad se encuentra con la elegancia, y cada paquete cuenta una historia de calidez y afecto.<\/p>\n<\/div>\n<\/div>\n<\/div>\n<\/div>\n<\/div>\n<\/div>\n","protected":false},"excerpt":{"rendered":"<div class=\"flex flex-grow flex-col max-w-full\">\n<div class=\"min-h-[20px] text-message flex flex-col items-start gap-3 whitespace-pre-wrap break-words [.text-message+&amp;]:mt-5 overflow-x-auto\" data-message-author-role=\"assistant\" data-message-id=\"97ec3e43-4aaa-4ecb-8540-32a87982d649\">\n<div class=\"markdown prose w-full break-words dark:prose-invert dark\">\n<p>Introducing PYRA, un innovador concepto de empaque que lleva el regalo a nuevas alturas. Con su cautivadora forma de pir\u00e1mide y su plantilla de corte descargable, PYRA te permite crear envoltorios impresionantes desde la comodidad de tu hogar. Eleva tus regalos con PYRA, donde cada paquete cuenta una historia de estilo y creatividad.<\/p>\n<\/div>\n<\/div>\n<\/div>\n","protected":false},"featured_media":8947,"comment_status":"open","ping_status":"closed","template":"","meta":[],"product_cat":[134,133],"product_tag":[136,140,135,139],"class_list":{"0":"post-1835","1":"product","2":"type-product","3":"status-publish","4":"has-post-thumbnail","6":"product_cat-download","7":"product_cat-packaging","8":"product_tag-diy","9":"product_tag-download","10":"product_tag-packaging","11":"product_tag-pyramid","12":"new","14":"first","15":"instock","16":"downloadable","17":"virtual","18":"taxable","19":"purchasable","20":"product-type-simple"},"_links":{"self":[{"href":"https:\/\/ydosmas.com\/index.php\/wp-json\/wp\/v2\/product\/1835","targetHints":{"allow":["GET"]}}],"collection":[{"href":"https:\/\/ydosmas.com\/index.php\/wp-json\/wp\/v2\/product"}],"about":[{"href":"https:\/\/ydosmas.com\/index.php\/wp-json\/wp\/v2\/types\/product"}],"replies":[{"embeddable":true,"href":"https:\/\/ydosmas.com\/index.php\/wp-json\/wp\/v2\/comments?post=1835"}],"wp:featuredmedia":[{"embeddable":true,"href":"https:\/\/ydosmas.com\/index.php\/wp-json\/wp\/v2\/media\/8947"}],"wp:attachment":[{"href":"https:\/\/ydosmas.com\/index.php\/wp-json\/wp\/v2\/media?parent=1835"}],"wp:term":[{"taxonomy":"product_cat","embeddable":true,"href":"https:\/\/ydosmas.com\/index.php\/wp-json\/wp\/v2\/product_cat?post=1835"},{"taxonomy":"product_tag","embeddable":true,"href":"https:\/\/ydosmas.com\/index.php\/wp-json\/wp\/v2\/product_tag?post=1835"}],"curies":[{"name":"wp","href":"https:\/\/api.w.org\/{rel}","templated":true}]}}